{"id":25,"date":"2021-09-30T01:41:53","date_gmt":"2021-09-29T22:41:53","guid":{"rendered":"https:\/\/yildizsoyyapi.com\/?page_id=25"},"modified":"2021-10-30T11:10:22","modified_gmt":"2021-10-30T08:10:22","slug":"projeler","status":"publish","type":"page","link":"https:\/\/yildizsoyyapi.com\/index.php\/projeler\/","title":{"rendered":"TAMAMLANAN PROJELER"},"content":{"rendered":"<div class=\"fusion-fullwidth fullwidth-box fusion-builder-row-1 fusion-flex-container nonhundred-percent-fullwidth non-hundred-percent-height-scrolling\" style=\"background-color: rgba(255,255,255,0);background-position: center center;background-repeat: no-repeat;border-width: 0px 0px 0px 0px;border-color:#e2e2e2;border-style:solid;\" ><div class=\"fusion-builder-row fusion-row fusion-flex-align-items-flex-start\" style=\"max-width:1248px;margin-left: calc(-4% \/ 2 );margin-right: calc(-4% \/ 2 );\"><div class=\"fusion-layout-column fusion_builder_column fusion-builder-column-0 fusion_builder_column_1_1 1_1 fusion-flex-column\"><div class=\"fusion-column-wrapper fusion-flex-justify-content-flex-start fusion-content-layout-column\" style=\"background-position:left top;background-repeat:no-repeat;-webkit-background-size:cover;-moz-background-size:cover;-o-background-size:cover;background-size:cover;padding: 0px 0px 0px 0px;\"><div class=\"fusion-recent-works fusion-portfolio-element fusion-portfolio fusion-portfolio-1 fusion-portfolio-grid fusion-portfolio-paging-pagination fusion-portfolio-three fusion-portfolio-no_text fusion-portfolio-rollover\" data-id=\"-rw-1\" data-columns=\"three\"><div role=\"menubar\"><ul class=\"fusion-filters\" role=\"menu\" aria-label=\"filters\"><li role=\"menuitem\" class=\"fusion-filter fusion-hidden fusion-active\"><a href=\"#\" data-filter=\".kamu-projeleri\">Tamamlanan Kamu Projeleri<\/a><\/li><li role=\"menuitem\" class=\"fusion-filter fusion-hidden\"><a href=\"#\" data-filter=\".kentsel-donusum-projeleri\">Tamamlanan Kentsel D\u00f6n\u00fc\u015f\u00fcm Projeleri<\/a><\/li><li role=\"menuitem\" class=\"fusion-filter fusion-hidden\"><a href=\"#\" data-filter=\".tamamlanan-projeler\">Tamamlanan Konut Projeler<\/a><\/li><\/ul><\/div><style type=\"text\/css\">.fusion-portfolio-1 .fusion-portfolio-wrapper .fusion-col-spacing{padding:0px;}<\/style><div class=\"fusion-portfolio-wrapper\" id=\"fusion-portfolio-1\" data-picturesize=\"auto\" data-pages=\"0\" style=\"margin:-0px;\"><article id=\"portfolio-1-post-421\" class=\"fusion-portfolio-post kamu-projeleri fusion-col-spacing post-421\"><div class=\"fusion-portfolio-content-wrapper\" style=\"border:none;\"><span class=\"entry-title rich-snippet-hidden\">Harmanc\u0131k &#8211; Bal\u0131kesir<\/span><span class=\"vcard rich-snippet-hidden\"><span class=\"fn\"><a href=\"https:\/\/yildizsoyyapi.com\/index.php\/author\/basak\/\" title=\"basak taraf\u0131ndan yaz\u0131lan yaz\u0131lar\" rel=\"author\">basak<\/a><\/span><\/span><span class=\"updated rich-snippet-hidden\">2021-12-06T11:44:40+03:00<\/span><div  class=\"fusion-image-wrapper\" aria-haspopup=\"true\">\n\t\t\t\t  <img decoding=\"async\" width=\"801\" height=\"601\" src=\"https:\/\/yildizsoyyapi.com\/wp-content\/uploads\/2021\/10\/tren_rayi.jpg\" class=\"attachment-full size-full wp-post-image\" alt=\"\" srcset=\"https:\/\/yildizsoyyapi.com\/wp-content\/uploads\/2021\/10\/tren_rayi-200x150.jpg 200w, https:\/\/yildizsoyyapi.com\/wp-content\/uploads\/2021\/10\/tren_rayi-400x300.jpg 400w, https:\/\/yildizsoyyapi.com\/wp-content\/uploads\/2021\/10\/tren_rayi-600x450.jpg 600w, https:\/\/yildizsoyyapi.com\/wp-content\/uploads\/2021\/10\/tren_rayi.jpg 801w\" sizes=\"(min-width: 2200px) 100vw, (min-width: 784px) 400px, (min-width: 712px) 600px, (min-width: 640px) 712px, \" \/><div class=\"fusion-rollover\">\n\t<div class=\"fusion-rollover-content\">\n\n\t\t\t\t\t\t\t\t\t\t\t\t\t\t<a class=\"fusion-rollover-link\" href=\"https:\/\/yildizsoyyapi.com\/index.php\/portfolio-items\/421\/?portfolioCats=7%2C6%2C4\">Harmanc\u0131k &#8211; Bal\u0131kesir<\/a>\n\t\t\t\n\t\t\t\t\t\t\t\t\n\t\t\n\t\t\t\t\t\t\t\t\t\t\t\t<h4 class=\"fusion-rollover-title\">\n\t\t\t\t\t<a class=\"fusion-rollover-title-link\" href=\"https:\/\/yildizsoyyapi.com\/index.php\/portfolio-items\/421\/?portfolioCats=7%2C6%2C4\">\n\t\t\t\t\t\tHarmanc\u0131k &#8211; Bal\u0131kesir\t\t\t\t\t<\/a>\n\t\t\t\t<\/h4>\n\t\t\t\n\t\t\t\t\t\t\t\t\t\t<div class=\"fusion-rollover-categories\"><a href=\"https:\/\/yildizsoyyapi.com\/index.php\/portfolio_category\/kamu-projeleri\/\" rel=\"tag\">Tamamlanan Kamu Projeleri<\/a><\/div>\t\t\t\t\t\n\t\t\n\t\t\t\t\t\t<a class=\"fusion-link-wrapper\" href=\"https:\/\/yildizsoyyapi.com\/index.php\/portfolio-items\/421\/?portfolioCats=7%2C6%2C4\" aria-label=\"Harmanc\u0131k &#8211; Bal\u0131kesir\"><\/a>\n\t<\/div>\n<\/div>\n<\/div>\n<\/div><\/article><article id=\"portfolio-1-post-424\" class=\"fusion-portfolio-post kamu-projeleri fusion-col-spacing post-424\"><div class=\"fusion-portfolio-content-wrapper\" style=\"border:none;\"><span class=\"entry-title rich-snippet-hidden\">Salihli &#8211; Manisa Duble Yol<\/span><span class=\"vcard rich-snippet-hidden\"><span class=\"fn\"><a href=\"https:\/\/yildizsoyyapi.com\/index.php\/author\/basak\/\" title=\"basak taraf\u0131ndan yaz\u0131lan yaz\u0131lar\" rel=\"author\">basak<\/a><\/span><\/span><span class=\"updated rich-snippet-hidden\">2021-12-06T11:53:14+03:00<\/span><div  class=\"fusion-image-wrapper\" aria-haspopup=\"true\">\n\t\t\t\t  <img decoding=\"async\" width=\"801\" height=\"601\" src=\"https:\/\/yildizsoyyapi.com\/wp-content\/uploads\/2021\/10\/salihli-manisa.jpg\" class=\"attachment-full size-full wp-post-image\" alt=\"\" srcset=\"https:\/\/yildizsoyyapi.com\/wp-content\/uploads\/2021\/10\/salihli-manisa-200x150.jpg 200w, https:\/\/yildizsoyyapi.com\/wp-content\/uploads\/2021\/10\/salihli-manisa-400x300.jpg 400w, https:\/\/yildizsoyyapi.com\/wp-content\/uploads\/2021\/10\/salihli-manisa-600x450.jpg 600w, https:\/\/yildizsoyyapi.com\/wp-content\/uploads\/2021\/10\/salihli-manisa.jpg 801w\" sizes=\"(min-width: 2200px) 100vw, (min-width: 784px) 400px, (min-width: 712px) 600px, (min-width: 640px) 712px, \" \/><div class=\"fusion-rollover\">\n\t<div class=\"fusion-rollover-content\">\n\n\t\t\t\t\t\t\t\t\t\t\t\t\t\t<a class=\"fusion-rollover-link\" href=\"https:\/\/yildizsoyyapi.com\/index.php\/portfolio-items\/salihli-manisa-duble-yol\/?portfolioCats=7%2C6%2C4\">Salihli &#8211; Manisa Duble Yol<\/a>\n\t\t\t\n\t\t\t\t\t\t\t\t\n\t\t\n\t\t\t\t\t\t\t\t\t\t\t\t<h4 class=\"fusion-rollover-title\">\n\t\t\t\t\t<a class=\"fusion-rollover-title-link\" href=\"https:\/\/yildizsoyyapi.com\/index.php\/portfolio-items\/salihli-manisa-duble-yol\/?portfolioCats=7%2C6%2C4\">\n\t\t\t\t\t\tSalihli &#8211; Manisa Duble Yol\t\t\t\t\t<\/a>\n\t\t\t\t<\/h4>\n\t\t\t\n\t\t\t\t\t\t\t\t\t\t<div class=\"fusion-rollover-categories\"><a href=\"https:\/\/yildizsoyyapi.com\/index.php\/portfolio_category\/kamu-projeleri\/\" rel=\"tag\">Tamamlanan Kamu Projeleri<\/a><\/div>\t\t\t\t\t\n\t\t\n\t\t\t\t\t\t<a class=\"fusion-link-wrapper\" href=\"https:\/\/yildizsoyyapi.com\/index.php\/portfolio-items\/salihli-manisa-duble-yol\/?portfolioCats=7%2C6%2C4\" aria-label=\"Salihli &#8211; Manisa Duble Yol\"><\/a>\n\t<\/div>\n<\/div>\n<\/div>\n<\/div><\/article><article id=\"portfolio-1-post-417\" class=\"fusion-portfolio-post kamu-projeleri fusion-col-spacing post-417\"><div class=\"fusion-portfolio-content-wrapper\" style=\"border:none;\"><span class=\"entry-title rich-snippet-hidden\">\u0130ZM\u0130R \u00c7ANDIRLI L\u0130MANI<\/span><span class=\"vcard rich-snippet-hidden\"><span class=\"fn\"><a href=\"https:\/\/yildizsoyyapi.com\/index.php\/author\/basak\/\" title=\"basak taraf\u0131ndan yaz\u0131lan yaz\u0131lar\" rel=\"author\">basak<\/a><\/span><\/span><span class=\"updated rich-snippet-hidden\">2021-12-06T11:53:33+03:00<\/span><div  class=\"fusion-image-wrapper\" aria-haspopup=\"true\">\n\t\t\t\t  <img decoding=\"async\" width=\"801\" height=\"601\" src=\"https:\/\/yildizsoyyapi.com\/wp-content\/uploads\/2021\/10\/liman.jpg\" class=\"attachment-full size-full wp-post-image\" alt=\"\" srcset=\"https:\/\/yildizsoyyapi.com\/wp-content\/uploads\/2021\/10\/liman-200x150.jpg 200w, https:\/\/yildizsoyyapi.com\/wp-content\/uploads\/2021\/10\/liman-400x300.jpg 400w, https:\/\/yildizsoyyapi.com\/wp-content\/uploads\/2021\/10\/liman-600x450.jpg 600w, https:\/\/yildizsoyyapi.com\/wp-content\/uploads\/2021\/10\/liman.jpg 801w\" sizes=\"(min-width: 2200px) 100vw, (min-width: 784px) 400px, (min-width: 712px) 600px, (min-width: 640px) 712px, \" \/><div class=\"fusion-rollover\">\n\t<div class=\"fusion-rollover-content\">\n\n\t\t\t\t\t\t\t\t\t\t\t\t\t\t<a class=\"fusion-rollover-link\" href=\"https:\/\/yildizsoyyapi.com\/index.php\/portfolio-items\/izmir-candirli-limani\/?portfolioCats=7%2C6%2C4\">\u0130ZM\u0130R \u00c7ANDIRLI L\u0130MANI<\/a>\n\t\t\t\n\t\t\t\t\t\t\t\t\n\t\t\n\t\t\t\t\t\t\t\t\t\t\t\t<h4 class=\"fusion-rollover-title\">\n\t\t\t\t\t<a class=\"fusion-rollover-title-link\" href=\"https:\/\/yildizsoyyapi.com\/index.php\/portfolio-items\/izmir-candirli-limani\/?portfolioCats=7%2C6%2C4\">\n\t\t\t\t\t\t\u0130ZM\u0130R \u00c7ANDIRLI L\u0130MANI\t\t\t\t\t<\/a>\n\t\t\t\t<\/h4>\n\t\t\t\n\t\t\t\t\t\t\t\t\t\t<div class=\"fusion-rollover-categories\"><a href=\"https:\/\/yildizsoyyapi.com\/index.php\/portfolio_category\/kamu-projeleri\/\" rel=\"tag\">Tamamlanan Kamu Projeleri<\/a><\/div>\t\t\t\t\t\n\t\t\n\t\t\t\t\t\t<a class=\"fusion-link-wrapper\" href=\"https:\/\/yildizsoyyapi.com\/index.php\/portfolio-items\/izmir-candirli-limani\/?portfolioCats=7%2C6%2C4\" aria-label=\"\u0130ZM\u0130R \u00c7ANDIRLI L\u0130MANI\"><\/a>\n\t<\/div>\n<\/div>\n<\/div>\n<\/div><\/article><article id=\"portfolio-1-post-412\" class=\"fusion-portfolio-post kamu-projeleri fusion-col-spacing post-412\"><div class=\"fusion-portfolio-content-wrapper\" style=\"border:none;\"><span class=\"entry-title rich-snippet-hidden\">\u0130zmit \u0130stanbul Tem Otoyolu<\/span><span class=\"vcard rich-snippet-hidden\"><span class=\"fn\"><a href=\"https:\/\/yildizsoyyapi.com\/index.php\/author\/basak\/\" title=\"basak taraf\u0131ndan yaz\u0131lan yaz\u0131lar\" rel=\"author\">basak<\/a><\/span><\/span><span class=\"updated rich-snippet-hidden\">2021-12-06T11:54:19+03:00<\/span><div  class=\"fusion-image-wrapper\" aria-haspopup=\"true\">\n\t\t\t\t  <img decoding=\"async\" width=\"801\" height=\"601\" src=\"https:\/\/yildizsoyyapi.com\/wp-content\/uploads\/2021\/10\/Calisma-Yuzeyi-70-kopya-3.jpg\" class=\"attachment-full size-full wp-post-image\" alt=\"\" srcset=\"https:\/\/yildizsoyyapi.com\/wp-content\/uploads\/2021\/10\/Calisma-Yuzeyi-70-kopya-3-200x150.jpg 200w, https:\/\/yildizsoyyapi.com\/wp-content\/uploads\/2021\/10\/Calisma-Yuzeyi-70-kopya-3-400x300.jpg 400w, https:\/\/yildizsoyyapi.com\/wp-content\/uploads\/2021\/10\/Calisma-Yuzeyi-70-kopya-3-600x450.jpg 600w, https:\/\/yildizsoyyapi.com\/wp-content\/uploads\/2021\/10\/Calisma-Yuzeyi-70-kopya-3.jpg 801w\" sizes=\"(min-width: 2200px) 100vw, (min-width: 784px) 400px, (min-width: 712px) 600px, (min-width: 640px) 712px, \" \/><div class=\"fusion-rollover\">\n\t<div class=\"fusion-rollover-content\">\n\n\t\t\t\t\t\t\t\t\t\t\t\t\t\t<a class=\"fusion-rollover-link\" href=\"https:\/\/yildizsoyyapi.com\/index.php\/portfolio-items\/izmit-istanbul-tem-otoyolu\/?portfolioCats=7%2C6%2C4\">\u0130zmit \u0130stanbul Tem Otoyolu<\/a>\n\t\t\t\n\t\t\t\t\t\t\t\t\n\t\t\n\t\t\t\t\t\t\t\t\t\t\t\t<h4 class=\"fusion-rollover-title\">\n\t\t\t\t\t<a class=\"fusion-rollover-title-link\" href=\"https:\/\/yildizsoyyapi.com\/index.php\/portfolio-items\/izmit-istanbul-tem-otoyolu\/?portfolioCats=7%2C6%2C4\">\n\t\t\t\t\t\t\u0130zmit \u0130stanbul Tem Otoyolu\t\t\t\t\t<\/a>\n\t\t\t\t<\/h4>\n\t\t\t\n\t\t\t\t\t\t\t\t\t\t<div class=\"fusion-rollover-categories\"><a href=\"https:\/\/yildizsoyyapi.com\/index.php\/portfolio_category\/kamu-projeleri\/\" rel=\"tag\">Tamamlanan Kamu Projeleri<\/a><\/div>\t\t\t\t\t\n\t\t\n\t\t\t\t\t\t<a class=\"fusion-link-wrapper\" href=\"https:\/\/yildizsoyyapi.com\/index.php\/portfolio-items\/izmit-istanbul-tem-otoyolu\/?portfolioCats=7%2C6%2C4\" aria-label=\"\u0130zmit \u0130stanbul Tem Otoyolu\"><\/a>\n\t<\/div>\n<\/div>\n<\/div>\n<\/div><\/article><article id=\"portfolio-1-post-403\" class=\"fusion-portfolio-post kentsel-donusum-projeleri fusion-col-spacing post-403\"><div class=\"fusion-portfolio-content-wrapper\" style=\"border:none;\"><span class=\"entry-title rich-snippet-hidden\">Mersin Kentsel Tasar\u0131m Uygulama<\/span><span class=\"vcard rich-snippet-hidden\"><span class=\"fn\"><a href=\"https:\/\/yildizsoyyapi.com\/index.php\/author\/basak\/\" title=\"basak taraf\u0131ndan yaz\u0131lan yaz\u0131lar\" rel=\"author\">basak<\/a><\/span><\/span><span class=\"updated rich-snippet-hidden\">2021-12-06T11:56:14+03:00<\/span><div  class=\"fusion-image-wrapper\" aria-haspopup=\"true\">\n\t\t\t\t  <img decoding=\"async\" width=\"1000\" height=\"750\" src=\"https:\/\/yildizsoyyapi.com\/wp-content\/uploads\/2021\/09\/mersin.jpg\" class=\"attachment-full size-full wp-post-image\" alt=\"\" srcset=\"https:\/\/yildizsoyyapi.com\/wp-content\/uploads\/2021\/09\/mersin-200x150.jpg 200w, https:\/\/yildizsoyyapi.com\/wp-content\/uploads\/2021\/09\/mersin-400x300.jpg 400w, https:\/\/yildizsoyyapi.com\/wp-content\/uploads\/2021\/09\/mersin-600x450.jpg 600w, https:\/\/yildizsoyyapi.com\/wp-content\/uploads\/2021\/09\/mersin-800x600.jpg 800w, https:\/\/yildizsoyyapi.com\/wp-content\/uploads\/2021\/09\/mersin.jpg 1000w\" sizes=\"(min-width: 2200px) 100vw, (min-width: 784px) 400px, (min-width: 712px) 600px, (min-width: 640px) 712px, \" \/><div class=\"fusion-rollover\">\n\t<div class=\"fusion-rollover-content\">\n\n\t\t\t\t\t\t\t\t\t\t\t\t\t\t<a class=\"fusion-rollover-link\" href=\"https:\/\/yildizsoyyapi.com\/index.php\/portfolio-items\/kentsel-tasarim-uygulama\/?portfolioCats=7%2C6%2C4\">Mersin Kentsel Tasar\u0131m Uygulama<\/a>\n\t\t\t\n\t\t\t\t\t\t\t\t\n\t\t\n\t\t\t\t\t\t\t\t\t\t\t\t<h4 class=\"fusion-rollover-title\">\n\t\t\t\t\t<a class=\"fusion-rollover-title-link\" href=\"https:\/\/yildizsoyyapi.com\/index.php\/portfolio-items\/kentsel-tasarim-uygulama\/?portfolioCats=7%2C6%2C4\">\n\t\t\t\t\t\tMersin Kentsel Tasar\u0131m Uygulama\t\t\t\t\t<\/a>\n\t\t\t\t<\/h4>\n\t\t\t\n\t\t\t\t\t\t\t\t\t\t<div class=\"fusion-rollover-categories\"><a href=\"https:\/\/yildizsoyyapi.com\/index.php\/portfolio_category\/kentsel-donusum-projeleri\/\" rel=\"tag\">Tamamlanan Kentsel D\u00f6n\u00fc\u015f\u00fcm Projeleri<\/a><\/div>\t\t\t\t\t\n\t\t\n\t\t\t\t\t\t<a class=\"fusion-link-wrapper\" href=\"https:\/\/yildizsoyyapi.com\/index.php\/portfolio-items\/kentsel-tasarim-uygulama\/?portfolioCats=7%2C6%2C4\" aria-label=\"Mersin Kentsel Tasar\u0131m Uygulama\"><\/a>\n\t<\/div>\n<\/div>\n<\/div>\n<\/div><\/article><article id=\"portfolio-1-post-390\" class=\"fusion-portfolio-post kentsel-donusum-projeleri fusion-col-spacing post-390\"><div class=\"fusion-portfolio-content-wrapper\" style=\"border:none;\"><span class=\"entry-title rich-snippet-hidden\">Yeni\u015fehir Kentsel D\u00f6n\u00fc\u015f\u00fcm Konut Projesi<\/span><span class=\"vcard rich-snippet-hidden\"><span class=\"fn\"><a href=\"https:\/\/yildizsoyyapi.com\/index.php\/author\/basak\/\" title=\"basak taraf\u0131ndan yaz\u0131lan yaz\u0131lar\" rel=\"author\">basak<\/a><\/span><\/span><span class=\"updated rich-snippet-hidden\">2021-12-06T11:56:42+03:00<\/span><div  class=\"fusion-image-wrapper\" aria-haspopup=\"true\">\n\t\t\t\t  <img decoding=\"async\" width=\"801\" height=\"601\" src=\"https:\/\/yildizsoyyapi.com\/wp-content\/uploads\/2021\/10\/kentsel_donusum_konut_projesi.jpg\" class=\"attachment-full size-full wp-post-image\" alt=\"\" srcset=\"https:\/\/yildizsoyyapi.com\/wp-content\/uploads\/2021\/10\/kentsel_donusum_konut_projesi-200x150.jpg 200w, https:\/\/yildizsoyyapi.com\/wp-content\/uploads\/2021\/10\/kentsel_donusum_konut_projesi-400x300.jpg 400w, https:\/\/yildizsoyyapi.com\/wp-content\/uploads\/2021\/10\/kentsel_donusum_konut_projesi-600x450.jpg 600w, https:\/\/yildizsoyyapi.com\/wp-content\/uploads\/2021\/10\/kentsel_donusum_konut_projesi.jpg 801w\" sizes=\"(min-width: 2200px) 100vw, (min-width: 784px) 400px, (min-width: 712px) 600px, (min-width: 640px) 712px, \" \/><div class=\"fusion-rollover\">\n\t<div class=\"fusion-rollover-content\">\n\n\t\t\t\t\t\t\t\t\t\t\t\t\t\t<a class=\"fusion-rollover-link\" href=\"https:\/\/yildizsoyyapi.com\/index.php\/portfolio-items\/yenisehir-kentsel-donusum\/?portfolioCats=7%2C6%2C4\">Yeni\u015fehir Kentsel D\u00f6n\u00fc\u015f\u00fcm Konut Projesi<\/a>\n\t\t\t\n\t\t\t\t\t\t\t\t\n\t\t\n\t\t\t\t\t\t\t\t\t\t\t\t<h4 class=\"fusion-rollover-title\">\n\t\t\t\t\t<a class=\"fusion-rollover-title-link\" href=\"https:\/\/yildizsoyyapi.com\/index.php\/portfolio-items\/yenisehir-kentsel-donusum\/?portfolioCats=7%2C6%2C4\">\n\t\t\t\t\t\tYeni\u015fehir Kentsel D\u00f6n\u00fc\u015f\u00fcm Konut Projesi\t\t\t\t\t<\/a>\n\t\t\t\t<\/h4>\n\t\t\t\n\t\t\t\t\t\t\t\t\t\t<div class=\"fusion-rollover-categories\"><a href=\"https:\/\/yildizsoyyapi.com\/index.php\/portfolio_category\/kentsel-donusum-projeleri\/\" rel=\"tag\">Tamamlanan Kentsel D\u00f6n\u00fc\u015f\u00fcm Projeleri<\/a><\/div>\t\t\t\t\t\n\t\t\n\t\t\t\t\t\t<a class=\"fusion-link-wrapper\" href=\"https:\/\/yildizsoyyapi.com\/index.php\/portfolio-items\/yenisehir-kentsel-donusum\/?portfolioCats=7%2C6%2C4\" aria-label=\"Yeni\u015fehir Kentsel D\u00f6n\u00fc\u015f\u00fcm Konut Projesi\"><\/a>\n\t<\/div>\n<\/div>\n<\/div>\n<\/div><\/article><article id=\"portfolio-1-post-314\" class=\"fusion-portfolio-post tamamlanan-projeler fusion-col-spacing post-314\"><div class=\"fusion-portfolio-content-wrapper\" style=\"border:none;\"><span class=\"entry-title rich-snippet-hidden\">NewHill<\/span><span class=\"vcard rich-snippet-hidden\"><span class=\"fn\"><a href=\"https:\/\/yildizsoyyapi.com\/index.php\/author\/basak\/\" title=\"basak taraf\u0131ndan yaz\u0131lan yaz\u0131lar\" rel=\"author\">basak<\/a><\/span><\/span><span class=\"updated rich-snippet-hidden\">2021-12-06T11:57:24+03:00<\/span><div  class=\"fusion-image-wrapper\" aria-haspopup=\"true\">\n\t\t\t\t  <img decoding=\"async\" width=\"801\" height=\"601\" src=\"https:\/\/yildizsoyyapi.com\/wp-content\/uploads\/2021\/10\/mezitli_newhill_konut_projesi.jpg\" class=\"attachment-full size-full wp-post-image\" alt=\"\" srcset=\"https:\/\/yildizsoyyapi.com\/wp-content\/uploads\/2021\/10\/mezitli_newhill_konut_projesi-200x150.jpg 200w, https:\/\/yildizsoyyapi.com\/wp-content\/uploads\/2021\/10\/mezitli_newhill_konut_projesi-400x300.jpg 400w, https:\/\/yildizsoyyapi.com\/wp-content\/uploads\/2021\/10\/mezitli_newhill_konut_projesi-600x450.jpg 600w, https:\/\/yildizsoyyapi.com\/wp-content\/uploads\/2021\/10\/mezitli_newhill_konut_projesi.jpg 801w\" sizes=\"(min-width: 2200px) 100vw, (min-width: 784px) 400px, (min-width: 712px) 600px, (min-width: 640px) 712px, \" \/><div class=\"fusion-rollover\">\n\t<div class=\"fusion-rollover-content\">\n\n\t\t\t\t\t\t\t\t\t\t\t\t\t\t<a class=\"fusion-rollover-link\" href=\"https:\/\/yildizsoyyapi.com\/index.php\/portfolio-items\/newhill\/?portfolioCats=7%2C6%2C4\">NewHill<\/a>\n\t\t\t\n\t\t\t\t\t\t\t\t\n\t\t\n\t\t\t\t\t\t\t\t\t\t\t\t<h4 class=\"fusion-rollover-title\">\n\t\t\t\t\t<a class=\"fusion-rollover-title-link\" href=\"https:\/\/yildizsoyyapi.com\/index.php\/portfolio-items\/newhill\/?portfolioCats=7%2C6%2C4\">\n\t\t\t\t\t\tNewHill\t\t\t\t\t<\/a>\n\t\t\t\t<\/h4>\n\t\t\t\n\t\t\t\t\t\t\t\t\t\t<div class=\"fusion-rollover-categories\"><a href=\"https:\/\/yildizsoyyapi.com\/index.php\/portfolio_category\/tamamlanan-projeler\/\" rel=\"tag\">Tamamlanan Konut Projeler<\/a><\/div>\t\t\t\t\t\n\t\t\n\t\t\t\t\t\t<a class=\"fusion-link-wrapper\" href=\"https:\/\/yildizsoyyapi.com\/index.php\/portfolio-items\/newhill\/?portfolioCats=7%2C6%2C4\" aria-label=\"NewHill\"><\/a>\n\t<\/div>\n<\/div>\n<\/div>\n<\/div><\/article><article id=\"portfolio-1-post-210\" class=\"fusion-portfolio-post kamu-projeleri fusion-col-spacing post-210\"><div class=\"fusion-portfolio-content-wrapper\" style=\"border:none;\"><span class=\"entry-title rich-snippet-hidden\">Pozant\u0131-Ni\u011fde Yol Yap\u0131m\u0131<\/span><span class=\"vcard rich-snippet-hidden\"><span class=\"fn\"><a href=\"https:\/\/yildizsoyyapi.com\/index.php\/author\/basak\/\" title=\"basak taraf\u0131ndan yaz\u0131lan yaz\u0131lar\" rel=\"author\">basak<\/a><\/span><\/span><span class=\"updated rich-snippet-hidden\">2021-12-06T11:54:55+03:00<\/span><div  class=\"fusion-image-wrapper\" aria-haspopup=\"true\">\n\t\t\t\t  <img decoding=\"async\" width=\"801\" height=\"601\" src=\"https:\/\/yildizsoyyapi.com\/wp-content\/uploads\/2021\/09\/otoban.jpg\" class=\"attachment-full size-full wp-post-image\" alt=\"\" srcset=\"https:\/\/yildizsoyyapi.com\/wp-content\/uploads\/2021\/09\/otoban-200x150.jpg 200w, https:\/\/yildizsoyyapi.com\/wp-content\/uploads\/2021\/09\/otoban-400x300.jpg 400w, https:\/\/yildizsoyyapi.com\/wp-content\/uploads\/2021\/09\/otoban-600x450.jpg 600w, https:\/\/yildizsoyyapi.com\/wp-content\/uploads\/2021\/09\/otoban.jpg 801w\" sizes=\"(min-width: 2200px) 100vw, (min-width: 784px) 400px, (min-width: 712px) 600px, (min-width: 640px) 712px, \" \/><div class=\"fusion-rollover\">\n\t<div class=\"fusion-rollover-content\">\n\n\t\t\t\t\t\t\t\t\t\t\t\t\t\t<a class=\"fusion-rollover-link\" href=\"https:\/\/yildizsoyyapi.com\/index.php\/portfolio-items\/salihli-manisa-duble-yol-yapimi\/?portfolioCats=7%2C6%2C4\">Pozant\u0131-Ni\u011fde Yol Yap\u0131m\u0131<\/a>\n\t\t\t\n\t\t\t\t\t\t\t\t\n\t\t\n\t\t\t\t\t\t\t\t\t\t\t\t<h4 class=\"fusion-rollover-title\">\n\t\t\t\t\t<a class=\"fusion-rollover-title-link\" href=\"https:\/\/yildizsoyyapi.com\/index.php\/portfolio-items\/salihli-manisa-duble-yol-yapimi\/?portfolioCats=7%2C6%2C4\">\n\t\t\t\t\t\tPozant\u0131-Ni\u011fde Yol Yap\u0131m\u0131\t\t\t\t\t<\/a>\n\t\t\t\t<\/h4>\n\t\t\t\n\t\t\t\t\t\t\t\t\t\t<div class=\"fusion-rollover-categories\"><a href=\"https:\/\/yildizsoyyapi.com\/index.php\/portfolio_category\/kamu-projeleri\/\" rel=\"tag\">Tamamlanan Kamu Projeleri<\/a><\/div>\t\t\t\t\t\n\t\t\n\t\t\t\t\t\t<a class=\"fusion-link-wrapper\" href=\"https:\/\/yildizsoyyapi.com\/index.php\/portfolio-items\/salihli-manisa-duble-yol-yapimi\/?portfolioCats=7%2C6%2C4\" aria-label=\"Pozant\u0131-Ni\u011fde Yol Yap\u0131m\u0131\"><\/a>\n\t<\/div>\n<\/div>\n<\/div>\n<\/div><\/article><\/div><\/div><\/div><style type=\"text\/css\">.fusion-body .fusion-builder-column-0{width:100% !important;margin-top : 0px;margin-bottom : 20px;}.fusion-builder-column-0 > .fusion-column-wrapper {padding-top : 0px !important;padding-right : 0px !important;margin-right : 1.92%;padding-bottom : 0px !important;padding-left : 0px !important;margin-left : 1.92%;}@media only screen and (max-width:1024px) {.fusion-body .fusion-builder-column-0{width:100% !important;order : 0;}.fusion-builder-column-0 > .fusion-column-wrapper {margin-right : 1.92%;margin-left : 1.92%;}}@media only screen and (max-width:640px) {.fusion-body .fusion-builder-column-0{width:100% !important;order : 0;}.fusion-builder-column-0 > .fusion-column-wrapper {margin-right : 1.92%;margin-left : 1.92%;}}<\/style><\/div><\/div><style type=\"text\/css\">.fusion-body .fusion-flex-container.fusion-builder-row-1{ padding-top : 0px;margin-top : 0px;padding-right : 0px;padding-bottom : 0px;margin-bottom : 0px;padding-left : 0px;}<\/style><\/div>\n","protected":false},"excerpt":{"rendered":"","protected":false},"author":1,"featured_media":0,"parent":0,"menu_order":0,"comment_status":"closed","ping_status":"closed","template":"","meta":{"footnotes":""},"class_list":["post-25","page","type-page","status-publish","hentry"],"_links":{"self":[{"href":"https:\/\/yildizsoyyapi.com\/index.php\/wp-json\/wp\/v2\/pages\/25","targetHints":{"allow":["GET"]}}],"collection":[{"href":"https:\/\/yildizsoyyapi.com\/index.php\/wp-json\/wp\/v2\/pages"}],"about":[{"href":"https:\/\/yildizsoyyapi.com\/index.php\/wp-json\/wp\/v2\/types\/page"}],"author":[{"embeddable":true,"href":"https:\/\/yildizsoyyapi.com\/index.php\/wp-json\/wp\/v2\/users\/1"}],"replies":[{"embeddable":true,"href":"https:\/\/yildizsoyyapi.com\/index.php\/wp-json\/wp\/v2\/comments?post=25"}],"version-history":[{"count":13,"href":"https:\/\/yildizsoyyapi.com\/index.php\/wp-json\/wp\/v2\/pages\/25\/revisions"}],"predecessor-version":[{"id":444,"href":"https:\/\/yildizsoyyapi.com\/index.php\/wp-json\/wp\/v2\/pages\/25\/revisions\/444"}],"wp:attachment":[{"href":"https:\/\/yildizsoyyapi.com\/index.php\/wp-json\/wp\/v2\/media?parent=25"}],"curies":[{"name":"wp","href":"https:\/\/api.w.org\/{rel}","templated":true}]}}