{"id":108,"date":"2021-09-30T10:43:47","date_gmt":"2021-09-30T07:43:47","guid":{"rendered":"https:\/\/yildizsoyyapi.com\/?page_id=108"},"modified":"2021-10-07T18:36:58","modified_gmt":"2021-10-07T15:36:58","slug":"kentsel-donusum-projeleri","status":"publish","type":"page","link":"https:\/\/yildizsoyyapi.com\/index.php\/kentsel-donusum-projeleri\/","title":{"rendered":"KENTSEL D\u00d6N\u00dc\u015e\u00dcM PROJELER\u0130"},"content":{"rendered":"<div class=\"fusion-fullwidth fullwidth-box fusion-builder-row-1 fusion-flex-container nonhundred-percent-fullwidth non-hundred-percent-height-scrolling\" style=\"background-color: #ffffff;background-position: center center;background-repeat: no-repeat;border-width: 0px 0px 0px 0px;border-color:#e2e2e2;border-style:solid;\" ><div class=\"fusion-builder-row fusion-row fusion-flex-align-items-flex-start\" style=\"max-width:1248px;margin-left: calc(-4% \/ 2 );margin-right: calc(-4% \/ 2 );\"><div class=\"fusion-layout-column fusion_builder_column fusion-builder-column-0 fusion_builder_column_1_2 1_2 fusion-flex-column\"><div class=\"fusion-column-wrapper fusion-flex-justify-content-center fusion-content-layout-column\" style=\"background-position:left top;background-repeat:no-repeat;-webkit-background-size:cover;-moz-background-size:cover;-o-background-size:cover;background-size:cover;padding: 10px 0px 10px 0px;\"><div class=\"fusion-slider-sc\"><div class=\"fusion-flexslider-loading flexslider fusion-alignright flexslider-hover-type-none fusion-slider-sc-cover\" data-slideshow_autoplay=\"1\" data-slideshow_smooth_height=\"1\" data-slideshow_speed=\"6500\" style=\"max-width:800px;height:500px;\"><ul class=\"slides\"><li class=\"image\"><span class=\"fusion-image-hover-element hover-type-none\"><img decoding=\"async\" src=\"https:\/\/yildizsoyyapi.com\/wp-content\/uploads\/2021\/09\/mersin_kentsel_donusum_1.jpg\" width=\"845\" height=\"1024\" class=\"wp-image-247\" srcset=\"https:\/\/yildizsoyyapi.com\/wp-content\/uploads\/2021\/09\/mersin_kentsel_donusum_1-200x242.jpg 200w, https:\/\/yildizsoyyapi.com\/wp-content\/uploads\/2021\/09\/mersin_kentsel_donusum_1-400x485.jpg 400w, https:\/\/yildizsoyyapi.com\/wp-content\/uploads\/2021\/09\/mersin_kentsel_donusum_1-600x727.jpg 600w, https:\/\/yildizsoyyapi.com\/wp-content\/uploads\/2021\/09\/mersin_kentsel_donusum_1-800x969.jpg 800w, https:\/\/yildizsoyyapi.com\/wp-content\/uploads\/2021\/09\/mersin_kentsel_donusum_1.jpg 845w\" sizes=\"(max-width: 640px) 100vw, 600px\" \/><\/span><\/li><li class=\"image\"><span class=\"fusion-image-hover-element hover-type-none\"><img decoding=\"async\" src=\"https:\/\/yildizsoyyapi.com\/wp-content\/uploads\/2021\/09\/mersin_kentsel_donusum-2.jpg\" width=\"576\" height=\"1024\" class=\"wp-image-248\" srcset=\"https:\/\/yildizsoyyapi.com\/wp-content\/uploads\/2021\/09\/mersin_kentsel_donusum-2-200x356.jpg 200w, https:\/\/yildizsoyyapi.com\/wp-content\/uploads\/2021\/09\/mersin_kentsel_donusum-2-400x711.jpg 400w, https:\/\/yildizsoyyapi.com\/wp-content\/uploads\/2021\/09\/mersin_kentsel_donusum-2.jpg 576w\" sizes=\"(max-width: 640px) 100vw, 576px\" \/><\/span><\/li><\/ul><\/div><\/div><\/div><style type=\"text\/css\">.fusion-body .fusion-builder-column-0{width:50% !important;margin-top : 0px;margin-bottom : 20px;}.fusion-builder-column-0 > .fusion-column-wrapper {padding-top : 10 !important;padding-right : 0px !important;margin-right : 3.84%;padding-bottom : 10 !important;padding-left : 0px !important;margin-left : 3.84%;}@media only screen and (max-width:1024px) {.fusion-body .fusion-builder-column-0{width:50% !important;order : 0;}.fusion-builder-column-0 > .fusion-column-wrapper {margin-right : 3.84%;margin-left : 3.84%;}}@media only screen and (max-width:640px) {.fusion-body .fusion-builder-column-0{width:100% !important;order : 0;}.fusion-builder-column-0 > .fusion-column-wrapper {margin-right : 1.92%;margin-left : 1.92%;}}<\/style><\/div><div class=\"fusion-layout-column fusion_builder_column fusion-builder-column-1 fusion_builder_column_1_2 1_2 fusion-flex-column\"><div class=\"fusion-column-wrapper fusion-flex-justify-content-flex-start fusion-content-layout-column\" style=\"background-position:left top;background-repeat:no-repeat;-webkit-background-size:cover;-moz-background-size:cover;-o-background-size:cover;background-size:cover;padding: 0px 0px 0px 0px;\"><style type=\"text\/css\">@media only screen and (max-width:1024px) {.fusion-title.fusion-title-1{margin-top:10px!important; margin-right:0px!important;margin-bottom:15px!important;margin-left:0px!important;}}@media only screen and (max-width:640px) {.fusion-title.fusion-title-1{margin-top:10px!important; margin-right:0px!important;margin-bottom:10px!important; margin-left:0px!important;}}<\/style><div class=\"fusion-title title fusion-title-1 fusion-sep-none fusion-title-text fusion-title-size-one\" style=\"margin-top:10px;margin-right:0px;margin-bottom:15px;margin-left:0px;\"><h1 class=\"title-heading-left\" style=\"margin:0;\"><h1><span style=\"color: #333333;\"><span style=\"caret-color: #ffffff;\">KENTSEL D\u00d6N\u00dc\u015e\u00dcM PROJES\u0130<\/span><\/span><\/h1><\/h1><\/div><div class=\"fusion-text fusion-text-1\"><p style=\"text-align: left;\"><span style=\"color: #333333;\"><span style=\"caret-color: #ffffff;\">MERS\u0130N ADNAN MENDERES BULVARI YEN\u0130\u015eEH\u0130R<\/span><\/span><\/p>\n<\/div><\/div><style type=\"text\/css\">.fusion-body .fusion-builder-column-1{width:50% !important;margin-top : 0px;margin-bottom : 20px;}.fusion-builder-column-1 > .fusion-column-wrapper {padding-top : 0px !important;padding-right : 0px !important;margin-right : 3.84%;padding-bottom : 0px !important;padding-left : 0px !important;margin-left : 3.84%;}@media only screen and (max-width:1024px) {.fusion-body .fusion-builder-column-1{width:50% !important;order : 0;}.fusion-builder-column-1 > .fusion-column-wrapper {margin-right : 3.84%;margin-left : 3.84%;}}@media only screen and (max-width:640px) {.fusion-body .fusion-builder-column-1{width:100% !important;order : 0;}.fusion-builder-column-1 > .fusion-column-wrapper {margin-right : 1.92%;margin-left : 1.92%;}}<\/style><\/div><\/div><style type=\"text\/css\">.fusion-body .fusion-flex-container.fusion-builder-row-1{ padding-top : 1%;margin-top : -62px;padding-right : 30px;padding-bottom : 0px;margin-bottom : 0px;padding-left : 30px;}<\/style><\/div>\n","protected":false},"excerpt":{"rendered":"","protected":false},"author":1,"featured_media":0,"parent":0,"menu_order":0,"comment_status":"closed","ping_status":"closed","template":"","meta":{"footnotes":""},"class_list":["post-108","page","type-page","status-publish","hentry"],"_links":{"self":[{"href":"https:\/\/yildizsoyyapi.com\/index.php\/wp-json\/wp\/v2\/pages\/108","targetHints":{"allow":["GET"]}}],"collection":[{"href":"https:\/\/yildizsoyyapi.com\/index.php\/wp-json\/wp\/v2\/pages"}],"about":[{"href":"https:\/\/yildizsoyyapi.com\/index.php\/wp-json\/wp\/v2\/types\/page"}],"author":[{"embeddable":true,"href":"https:\/\/yildizsoyyapi.com\/index.php\/wp-json\/wp\/v2\/users\/1"}],"replies":[{"embeddable":true,"href":"https:\/\/yildizsoyyapi.com\/index.php\/wp-json\/wp\/v2\/comments?post=108"}],"version-history":[{"count":4,"href":"https:\/\/yildizsoyyapi.com\/index.php\/wp-json\/wp\/v2\/pages\/108\/revisions"}],"predecessor-version":[{"id":252,"href":"https:\/\/yildizsoyyapi.com\/index.php\/wp-json\/wp\/v2\/pages\/108\/revisions\/252"}],"wp:attachment":[{"href":"https:\/\/yildizsoyyapi.com\/index.php\/wp-json\/wp\/v2\/media?parent=108"}],"curies":[{"name":"wp","href":"https:\/\/api.w.org\/{rel}","templated":true}]}}